{"id":590,"date":"2022-04-17T14:04:50","date_gmt":"2022-04-17T14:04:50","guid":{"rendered":"https:\/\/iconartesgaleria.com.br\/iconfoto\/?page_id=590"},"modified":"2024-04-10T01:05:54","modified_gmt":"2024-04-10T01:05:54","slug":"papeis-2","status":"publish","type":"page","link":"https:\/\/iconartesgaleria.com.br\/estudiofineart\/papeis-2\/","title":{"rendered":"Impress\u00e3o Fine Art"},"content":{"rendered":"<h2 style=\"text-align: center;\">Processo de Impress\u00e3o<\/h2>\n<h3 style=\"text-align: left;\"><strong>Pr\u00e9-impress\u00e3o<\/strong><\/h3>\n<p><img loading=\"lazy\" class=\"wp-image-727 alignright\" src=\"https:\/\/iconartesgaleria.com.br\/estudiofineart\/wp-content\/uploads\/2022\/05\/20220510_095818-300x225.jpg\" alt=\"\" width=\"342\" height=\"258\" srcset=\"https:\/\/iconartesgaleria.com.br\/estudiofineart\/wp-content\/uploads\/2022\/05\/20220510_095818-300x225.jpg 300w, https:\/\/iconartesgaleria.com.br\/estudiofineart\/wp-content\/uploads\/2022\/05\/20220510_095818-768x576.jpg 768w, https:\/\/iconartesgaleria.com.br\/estudiofineart\/wp-content\/uploads\/2022\/05\/20220510_095818-1536x1152.jpg 1536w, https:\/\/iconartesgaleria.com.br\/estudiofineart\/wp-content\/uploads\/2022\/05\/20220510_095818-2048x1536.jpg 2048w\" sizes=\"(max-width: 342px) 100vw, 342px\" \/><\/p>\n<p><span style=\"font-size: 20px;\">Embora se utilize equipamentos e insumos de alta tecnologia, a impress\u00e3o fine art se caracteriza por ser uma atividade artesanal, em virtude de exigir aten\u00e7\u00e3o especial e individual em todo o seu processo. Ent\u00e3o, antes de come\u00e7ar o processo de impress\u00e3o, os arquivos encaminhados para o est\u00fadio passam por uma an\u00e1lise criteriosa para aprimorar ou corrigir eventuais desvios ocorridos na hora da captura da imagem, como por exemplo, sujeiras (pontos pretos) e pequenos ajustes de contraste (em caso de utiliza\u00e7\u00e3o de papeis foscos), satura\u00e7\u00e3o de cor e nitidez, se necess\u00e1rio e com a prova\u00e7\u00e3o do artista, garantindo, assim, uma impress\u00e3o de alta fidelidade.<\/span><\/p>\n<p><span style=\"font-size: 20px;\">Para assegurar a entrega de impress\u00f5es com qualidade museol\u00f3gica e garantia de durabilidade, utilizamos um ambiente controlado com gerenciamento de cores preciso, e solicitamos aos nossos clientes que sigam nossas dicas abaixo antes da captura das imagens. <\/span><\/p>\n<p><span style=\"font-size: 20px;\">Algumas dicas s\u00e3o de fundamental import\u00e2ncia antes mesmo de come\u00e7ar a fotografar para adquirir qualidade nas imagens capturadas: <\/span><\/p>\n<p><span style=\"font-size: 20px;\">1. Verifique se o sensor da c\u00e2mera n\u00e3o possua nenhuma sujeira; <\/span><\/p>\n<p><span style=\"font-size: 20px;\">2. Configure a c\u00e2mera: <\/span><\/p>\n<p><span style=\"font-size: 20px;\">\u00a0a) em formato de arquivo RAW (imagens capturadas sem nenhum tipo de compress\u00e3o, este formato carrega detalhes muito profundos de cor e luminosidade que as fotos em outros formatos, como o JPEG, n\u00e3o t\u00eam); <\/span><\/p>\n<p><span style=\"font-size: 20px;\">\u00a0 b) no espa\u00e7o de cor ADOBE RGB para que as cores vistas no seu monitor sejam semelhantes \u00e0s cores da impress\u00e3o; <\/span><\/p>\n<p><span style=\"font-size: 20px;\">\u00a0 c) utilize ISO menores para evitar ru\u00eddos; e <\/span><\/p>\n<p><span style=\"font-size: 20px;\">\u00a0 d) para evitar imagens tremidas, fique atento ao foco e a velocidade.<\/span><\/p>\n<p><span style=\"font-size: 20px;\">O est\u00fadio utiliza monitores Dell UltraSharp, calibrados quinzenalmente com o software da X-Rite i1 Display Pro, com tecnologias como o ConfortView, que otimiza o conforto para os olhos e, ainda, com o In-Plane Switching (IPS) temos cores n\u00edtidas, vibrantes e consistentes em um amplo \u00e2ngulo de vis\u00e3o; estes recursos fazem com que maximize a produtividade em nossa esta\u00e7\u00e3o de trabalho no processo de pr\u00e9-impress\u00e3o e impress\u00e3o.<\/span><\/p>\n<p><span style=\"font-size: 20px; color: #01b1af;\"><strong>Envio dos arquivos:<\/strong><\/span><\/p>\n<p style=\"text-align: left;\"><span style=\"font-size: 20px;\">A recomenda\u00e7\u00e3o para envio dos arquivos \u00e9 preferencialmente nos formatos TIFF ou PSD (tx de compress\u00e3o m\u00ednima), no espa\u00e7o de cor Adobe RGB ou ProPhoto, com<\/span><span style=\"font-size: 20px;\"> profundidade de cor de 8 ou 16 bits e com resolu\u00e7\u00e3o m\u00ednima de 100 dpi no tamanho final, sem interpola\u00e7\u00e3o e evite a utiliza\u00e7\u00e3o de efeitos art\u00edsticos, como o filtro de nitidez, pois aumenta os ru\u00eddos, e caso seja necess\u00e1rio realizamos esta corre\u00e7\u00e3o na etapa final da pr\u00e9-impress\u00e3o. <\/span><\/p>\n<p style=\"text-align: left;\"><span style=\"font-size: 20px;\">N\u00e3o converta os arquivos caso esteja em outro formato, como o JPEG por exemplo, envie neste formato mesmo, para evitar mais perdas de informa\u00e7\u00f5es.\u00a0<\/span><\/p>\n<h3 style=\"text-align: left;\"><strong>Impress\u00e3o<\/strong><\/h3>\n<p><span style=\"font-size: 20px;\">A impress\u00e3o \u00e9 realizada em impressoras profissionais jato de tinta, a impressora imagePROGRAF PRO-4100, com dois rolos e com motor de processamento reformulado, o L-COA PRO, que combina os mais avan\u00e7ados algoritimos de processamento de imagem da Canon com um circuito integrado recentemente desenvolvido e espec\u00edfico da aplica\u00e7\u00e3o (ASIC) para o processamento de imagens e dados de alta resolu\u00e7\u00e3o, proporcionado a qualidade da impress\u00e3o a alta velocidade, o que faz o nosso fluxo de trabalho ser mais din\u00e2mico. <\/span><\/p>\n<p><span style=\"font-size: 20px;\">S\u00e3o impressoras com alta resolu\u00e7\u00e3o e trabalham com 12 cores diferentes que permitem reproduzir uma ampla gama de cores e, ainda, com transi\u00e7\u00f5es suaves e detalhes n\u00edtidos gra\u00e7as a cabe\u00e7a de impress\u00e3o de 1,28 polegadas que proporciona eficiente eje\u00e7\u00e3o de tinta, com alta precis\u00e3o e sem discrep\u00e2ncias, a impressora imagePROGRAF PRO-4100 que produz imagens com a melhor qualidade de impress\u00e3o, extraordin\u00e1ria velocidade e confiabilidade, o que faz o nosso fluxo de trabalho ser mais din\u00e2mico<\/span><span style=\"font-size: 20px;\">, garantindo excelentes resultados com m\u00e1ximo alcance dos tons.<\/span><\/p>\n<p><span style=\"font-size: 20px;\">Realizamos as impress\u00f5es sobre m\u00eddias Hahnem\u00fchle da linha fine art e especiais e, ainda, da linha fotogr\u00e1fica, s\u00e3o pap\u00e9is de alta qualidade com diversos n\u00edveis de textura, n\u00edvel de brilho, gramatura e que possuem caracter\u00edsticas espec\u00edficas. <\/span><\/p>\n<p><span style=\"font-size: 20px;\">Utilizamos perfis ICC para cada tipo de m\u00eddia. <\/span><\/p>\n<p><span style=\"font-size: 20px;\">Durante todo o processo de impress\u00e3o \u00e9 empregado o uso de luvas e m\u00e1scaras para todo o pessoal envolvido para proteger o papel de oleosidade, acidez, poeira, saliva e digitais, evitando, assim, qualquer risco de alguma marca mais agressiva no papel.<\/span><\/p>\n<p><img loading=\"lazy\" class=\"wp-image-1000 aligncenter\" src=\"https:\/\/iconartesgaleria.com.br\/estudiofineart\/wp-content\/uploads\/2024\/04\/WhatsApp-Image-2024-04-08-at-22.33.57-3-300x225.jpeg\" alt=\"\" width=\"489\" height=\"367\" srcset=\"https:\/\/iconartesgaleria.com.br\/estudiofineart\/wp-content\/uploads\/2024\/04\/WhatsApp-Image-2024-04-08-at-22.33.57-3-300x225.jpeg 300w, https:\/\/iconartesgaleria.com.br\/estudiofineart\/wp-content\/uploads\/2024\/04\/WhatsApp-Image-2024-04-08-at-22.33.57-3-768x576.jpeg 768w, https:\/\/iconartesgaleria.com.br\/estudiofineart\/wp-content\/uploads\/2024\/04\/WhatsApp-Image-2024-04-08-at-22.33.57-3-1536x1152.jpeg 1536w, https:\/\/iconartesgaleria.com.br\/estudiofineart\/wp-content\/uploads\/2024\/04\/WhatsApp-Image-2024-04-08-at-22.33.57-3.jpeg 1600w\" sizes=\"(max-width: 489px) 100vw, 489px\" \/><\/p>\n","protected":false},"excerpt":{"rendered":"<p>Processo de Impress\u00e3o Pr\u00e9-impress\u00e3o Embora se utilize equipamentos e insumos de alta tecnologia, a impress\u00e3o fine art se caracteriza por ser uma atividade artesanal, em virtude de exigir aten\u00e7\u00e3o especial e individual em todo o seu processo. Ent\u00e3o, antes de come\u00e7ar o processo de impress\u00e3o, os arquivos encaminhados para o est\u00fadio passam por uma an\u00e1lise &hellip; <a href=\"https:\/\/iconartesgaleria.com.br\/estudiofineart\/papeis-2\/\" class=\"more-link\">Continuar lendo <span class=\"screen-reader-text\">Impress\u00e3o Fine Art<\/span><\/a><\/p>\n","protected":false},"author":1,"featured_media":606,"parent":0,"menu_order":71,"comment_status":"closed","ping_status":"closed","template":"","meta":[],"acf":[],"_links":{"self":[{"href":"https:\/\/iconartesgaleria.com.br\/estudiofineart\/wp-json\/wp\/v2\/pages\/590"}],"collection":[{"href":"https:\/\/iconartesgaleria.com.br\/estudiofineart\/wp-json\/wp\/v2\/pages"}],"about":[{"href":"https:\/\/iconartesgaleria.com.br\/estudiofineart\/wp-json\/wp\/v2\/types\/page"}],"author":[{"embeddable":true,"href":"https:\/\/iconartesgaleria.com.br\/estudiofineart\/wp-json\/wp\/v2\/users\/1"}],"replies":[{"embeddable":true,"href":"https:\/\/iconartesgaleria.com.br\/estudiofineart\/wp-json\/wp\/v2\/comments?post=590"}],"version-history":[{"count":47,"href":"https:\/\/iconartesgaleria.com.br\/estudiofineart\/wp-json\/wp\/v2\/pages\/590\/revisions"}],"predecessor-version":[{"id":1004,"href":"https:\/\/iconartesgaleria.com.br\/estudiofineart\/wp-json\/wp\/v2\/pages\/590\/revisions\/1004"}],"wp:featuredmedia":[{"embeddable":true,"href":"https:\/\/iconartesgaleria.com.br\/estudiofineart\/wp-json\/wp\/v2\/media\/606"}],"wp:attachment":[{"href":"https:\/\/iconartesgaleria.com.br\/estudiofineart\/wp-json\/wp\/v2\/media?parent=590"}],"curies":[{"name":"wp","href":"https:\/\/api.w.org\/{rel}","templated":true}]}}