{"id":1027,"date":"2026-01-27T18:46:45","date_gmt":"2026-01-27T18:46:45","guid":{"rendered":"https:\/\/iconartesgaleria.com.br\/estudiofineart\/?page_id=1027"},"modified":"2026-04-02T22:33:39","modified_gmt":"2026-04-02T22:33:39","slug":"severino-silva","status":"publish","type":"page","link":"https:\/\/iconartesgaleria.com.br\/estudiofineart\/severino-silva\/","title":{"rendered":"Severino Silva"},"content":{"rendered":"<p><strong><a href=\"https:\/\/iconartesgaleria.com.br\/estudiofineart\/obras-acervo-icon\/\"><span style=\"color: #ff9900;\"><span style=\"text-decoration: underline; color: #ffffff;\">\u00a0<\/span>[Voltar]<\/span><\/a><\/strong><\/p>\n<p><a href=\"https:\/\/iconartesgaleria.com.br\/estudiofineart\/severino-silva-2\/\"><img loading=\"lazy\" class=\"alignnone wp-image-1143\" title=\"Canudos_BA\" src=\"https:\/\/iconartesgaleria.com.br\/estudiofineart\/wp-content\/uploads\/2026\/01\/Canudos_BA-300x203.jpg\" alt=\"Canudos_BA\" width=\"300\" height=\"203\" srcset=\"https:\/\/iconartesgaleria.com.br\/estudiofineart\/wp-content\/uploads\/2026\/01\/Canudos_BA-300x203.jpg 300w, https:\/\/iconartesgaleria.com.br\/estudiofineart\/wp-content\/uploads\/2026\/01\/Canudos_BA-768x520.jpg 768w, https:\/\/iconartesgaleria.com.br\/estudiofineart\/wp-content\/uploads\/2026\/01\/Canudos_BA-1536x1040.jpg 1536w, https:\/\/iconartesgaleria.com.br\/estudiofineart\/wp-content\/uploads\/2026\/01\/Canudos_BA.jpg 1854w\" sizes=\"(max-width: 300px) 100vw, 300px\" \/><\/a> <a href=\"https:\/\/iconartesgaleria.com.br\/estudiofineart\/severino-silva-3\/\"><img loading=\"lazy\" class=\"alignnone wp-image-1142 size-medium\" title=\"Cristo_RJ\" src=\"https:\/\/iconartesgaleria.com.br\/estudiofineart\/wp-content\/uploads\/2026\/01\/Cristo_RJ-300x203.jpg\" alt=\"Cristo_RJ\" width=\"300\" height=\"203\" srcset=\"https:\/\/iconartesgaleria.com.br\/estudiofineart\/wp-content\/uploads\/2026\/01\/Cristo_RJ-300x203.jpg 300w, https:\/\/iconartesgaleria.com.br\/estudiofineart\/wp-content\/uploads\/2026\/01\/Cristo_RJ-768x520.jpg 768w, https:\/\/iconartesgaleria.com.br\/estudiofineart\/wp-content\/uploads\/2026\/01\/Cristo_RJ-1536x1040.jpg 1536w, https:\/\/iconartesgaleria.com.br\/estudiofineart\/wp-content\/uploads\/2026\/01\/Cristo_RJ.jpg 1854w\" sizes=\"(max-width: 300px) 100vw, 300px\" \/><\/a> <a href=\"https:\/\/iconartesgaleria.com.br\/estudiofineart\/severino-silva-3-2\/\"><img loading=\"lazy\" class=\"alignnone wp-image-1141 size-medium\" title=\"Enseada de Botafogo_RJ\" src=\"https:\/\/iconartesgaleria.com.br\/estudiofineart\/wp-content\/uploads\/2026\/01\/Enseda-de-Botafogo_RJ-300x203.jpg\" alt=\"Enseada de Botafogo_RJ\" width=\"300\" height=\"203\" srcset=\"https:\/\/iconartesgaleria.com.br\/estudiofineart\/wp-content\/uploads\/2026\/01\/Enseda-de-Botafogo_RJ-300x203.jpg 300w, https:\/\/iconartesgaleria.com.br\/estudiofineart\/wp-content\/uploads\/2026\/01\/Enseda-de-Botafogo_RJ-768x520.jpg 768w, https:\/\/iconartesgaleria.com.br\/estudiofineart\/wp-content\/uploads\/2026\/01\/Enseda-de-Botafogo_RJ-1536x1040.jpg 1536w, https:\/\/iconartesgaleria.com.br\/estudiofineart\/wp-content\/uploads\/2026\/01\/Enseda-de-Botafogo_RJ.jpg 1854w\" sizes=\"(max-width: 300px) 100vw, 300px\" \/><\/a> <a href=\"https:\/\/iconartesgaleria.com.br\/estudiofineart\/severino-silva-4\/\"><img loading=\"lazy\" class=\"alignnone wp-image-1140 size-medium\" title=\"Favela_TAVARES BASTOS\" src=\"https:\/\/iconartesgaleria.com.br\/estudiofineart\/wp-content\/uploads\/2026\/01\/Favela_TAVARES-BASTOS-300x203.jpg\" alt=\"Favela_TAVARES BASTOS\" width=\"300\" height=\"203\" srcset=\"https:\/\/iconartesgaleria.com.br\/estudiofineart\/wp-content\/uploads\/2026\/01\/Favela_TAVARES-BASTOS-300x203.jpg 300w, https:\/\/iconartesgaleria.com.br\/estudiofineart\/wp-content\/uploads\/2026\/01\/Favela_TAVARES-BASTOS-768x520.jpg 768w, https:\/\/iconartesgaleria.com.br\/estudiofineart\/wp-content\/uploads\/2026\/01\/Favela_TAVARES-BASTOS-1536x1040.jpg 1536w, https:\/\/iconartesgaleria.com.br\/estudiofineart\/wp-content\/uploads\/2026\/01\/Favela_TAVARES-BASTOS.jpg 1854w\" sizes=\"(max-width: 300px) 100vw, 300px\" \/><\/a> <a href=\"https:\/\/iconartesgaleria.com.br\/estudiofineart\/severino-silva-5\/\"><img loading=\"lazy\" class=\"alignnone wp-image-1139 size-medium\" title=\"Favela_TAVARES BASTOS_02\" src=\"https:\/\/iconartesgaleria.com.br\/estudiofineart\/wp-content\/uploads\/2026\/01\/Favela_TAVARES-BASTOS2-300x203.jpg\" alt=\"Favela_TAVARES BASTOS_02\" width=\"300\" height=\"203\" srcset=\"https:\/\/iconartesgaleria.com.br\/estudiofineart\/wp-content\/uploads\/2026\/01\/Favela_TAVARES-BASTOS2-300x203.jpg 300w, https:\/\/iconartesgaleria.com.br\/estudiofineart\/wp-content\/uploads\/2026\/01\/Favela_TAVARES-BASTOS2-768x520.jpg 768w, https:\/\/iconartesgaleria.com.br\/estudiofineart\/wp-content\/uploads\/2026\/01\/Favela_TAVARES-BASTOS2-1536x1040.jpg 1536w, https:\/\/iconartesgaleria.com.br\/estudiofineart\/wp-content\/uploads\/2026\/01\/Favela_TAVARES-BASTOS2.jpg 1854w\" sizes=\"(max-width: 300px) 100vw, 300px\" \/><\/a> <a href=\"https:\/\/iconartesgaleria.com.br\/estudiofineart\/severino-silva-5-2\/\"><img loading=\"lazy\" class=\"alignnone wp-image-1138 size-medium\" title=\"Favela_TAVARES BASTOS3\" src=\"https:\/\/iconartesgaleria.com.br\/estudiofineart\/wp-content\/uploads\/2026\/01\/Favela_TAVARES-BASTOS3-300x203.jpg\" alt=\"Favela_TAVARES BASTOS3\" width=\"300\" height=\"203\" srcset=\"https:\/\/iconartesgaleria.com.br\/estudiofineart\/wp-content\/uploads\/2026\/01\/Favela_TAVARES-BASTOS3-300x203.jpg 300w, https:\/\/iconartesgaleria.com.br\/estudiofineart\/wp-content\/uploads\/2026\/01\/Favela_TAVARES-BASTOS3-768x520.jpg 768w, https:\/\/iconartesgaleria.com.br\/estudiofineart\/wp-content\/uploads\/2026\/01\/Favela_TAVARES-BASTOS3-1536x1040.jpg 1536w, https:\/\/iconartesgaleria.com.br\/estudiofineart\/wp-content\/uploads\/2026\/01\/Favela_TAVARES-BASTOS3.jpg 1854w\" sizes=\"(max-width: 300px) 100vw, 300px\" \/><\/a> <a href=\"https:\/\/iconartesgaleria.com.br\/estudiofineart\/severino-silva-6\/\"><img loading=\"lazy\" class=\"alignnone wp-image-1137 size-medium\" title=\"GAROTOS NO LAGO EXU_PE\" src=\"https:\/\/iconartesgaleria.com.br\/estudiofineart\/wp-content\/uploads\/2026\/01\/GAROTOS-NO-LAGO-EXU-PERNAMBUCO-300x203.jpg\" alt=\"GAROTOS NO LAGO EXU_PE\" width=\"300\" height=\"203\" srcset=\"https:\/\/iconartesgaleria.com.br\/estudiofineart\/wp-content\/uploads\/2026\/01\/GAROTOS-NO-LAGO-EXU-PERNAMBUCO-300x203.jpg 300w, https:\/\/iconartesgaleria.com.br\/estudiofineart\/wp-content\/uploads\/2026\/01\/GAROTOS-NO-LAGO-EXU-PERNAMBUCO-768x520.jpg 768w, https:\/\/iconartesgaleria.com.br\/estudiofineart\/wp-content\/uploads\/2026\/01\/GAROTOS-NO-LAGO-EXU-PERNAMBUCO-1536x1040.jpg 1536w, https:\/\/iconartesgaleria.com.br\/estudiofineart\/wp-content\/uploads\/2026\/01\/GAROTOS-NO-LAGO-EXU-PERNAMBUCO.jpg 1854w\" sizes=\"(max-width: 300px) 100vw, 300px\" \/><\/a> <a href=\"https:\/\/iconartesgaleria.com.br\/estudiofineart\/severino-silva-8\/\"><img loading=\"lazy\" class=\"alignnone wp-image-1136 size-medium\" title=\"Indigenas_Pankararu_Brejo-dos-Padres_PE\" src=\"https:\/\/iconartesgaleria.com.br\/estudiofineart\/wp-content\/uploads\/2026\/01\/Indigenas_Pankararu_Brejo-dos-Padres_PE-300x203.jpg\" alt=\"Indigenas_Pankararu_Brejo-dos-Padres_PE\" width=\"300\" height=\"203\" srcset=\"https:\/\/iconartesgaleria.com.br\/estudiofineart\/wp-content\/uploads\/2026\/01\/Indigenas_Pankararu_Brejo-dos-Padres_PE-300x203.jpg 300w, https:\/\/iconartesgaleria.com.br\/estudiofineart\/wp-content\/uploads\/2026\/01\/Indigenas_Pankararu_Brejo-dos-Padres_PE-768x520.jpg 768w, https:\/\/iconartesgaleria.com.br\/estudiofineart\/wp-content\/uploads\/2026\/01\/Indigenas_Pankararu_Brejo-dos-Padres_PE-1536x1040.jpg 1536w, https:\/\/iconartesgaleria.com.br\/estudiofineart\/wp-content\/uploads\/2026\/01\/Indigenas_Pankararu_Brejo-dos-Padres_PE.jpg 1854w\" sizes=\"(max-width: 300px) 100vw, 300px\" \/><\/a> <a href=\"https:\/\/iconartesgaleria.com.br\/estudiofineart\/severino-silva-9\/\"><img loading=\"lazy\" class=\"alignnone wp-image-1135 size-medium\" title=\"Indigenas_Pankararu_Brejo-dos-Padres_PE_03\" src=\"https:\/\/iconartesgaleria.com.br\/estudiofineart\/wp-content\/uploads\/2026\/01\/Indigenas_Pankararu_Brejo-dos-Padres_PE3-300x203.jpg\" alt=\"Indigenas_Pankararu_Brejo-dos-Padres_PE_03\" width=\"300\" height=\"203\" srcset=\"https:\/\/iconartesgaleria.com.br\/estudiofineart\/wp-content\/uploads\/2026\/01\/Indigenas_Pankararu_Brejo-dos-Padres_PE3-300x203.jpg 300w, https:\/\/iconartesgaleria.com.br\/estudiofineart\/wp-content\/uploads\/2026\/01\/Indigenas_Pankararu_Brejo-dos-Padres_PE3-768x520.jpg 768w, https:\/\/iconartesgaleria.com.br\/estudiofineart\/wp-content\/uploads\/2026\/01\/Indigenas_Pankararu_Brejo-dos-Padres_PE3-1536x1040.jpg 1536w, https:\/\/iconartesgaleria.com.br\/estudiofineart\/wp-content\/uploads\/2026\/01\/Indigenas_Pankararu_Brejo-dos-Padres_PE3.jpg 1854w\" sizes=\"(max-width: 300px) 100vw, 300px\" \/><\/a> <a href=\"https:\/\/iconartesgaleria.com.br\/estudiofineart\/severino-silva-10\/\"><img loading=\"lazy\" class=\"alignnone wp-image-1134 size-medium\" title=\"Lua_RJ\" src=\"https:\/\/iconartesgaleria.com.br\/estudiofineart\/wp-content\/uploads\/2026\/01\/Lua_RJ-300x203.jpg\" alt=\"Lua_RJ\" width=\"300\" height=\"203\" srcset=\"https:\/\/iconartesgaleria.com.br\/estudiofineart\/wp-content\/uploads\/2026\/01\/Lua_RJ-300x203.jpg 300w, https:\/\/iconartesgaleria.com.br\/estudiofineart\/wp-content\/uploads\/2026\/01\/Lua_RJ-768x520.jpg 768w, https:\/\/iconartesgaleria.com.br\/estudiofineart\/wp-content\/uploads\/2026\/01\/Lua_RJ-1536x1040.jpg 1536w, https:\/\/iconartesgaleria.com.br\/estudiofineart\/wp-content\/uploads\/2026\/01\/Lua_RJ.jpg 1854w\" sizes=\"(max-width: 300px) 100vw, 300px\" \/><\/a> <a href=\"https:\/\/iconartesgaleria.com.br\/estudiofineart\/severino-silva-11\/\"><img loading=\"lazy\" class=\"alignnone wp-image-1133 size-medium\" title=\"Mirante_Dona_Marta_RJ\" src=\"https:\/\/iconartesgaleria.com.br\/estudiofineart\/wp-content\/uploads\/2026\/01\/Mirante_dona_Marta_RJ-300x203.jpg\" alt=\"Mirante_Dona_Marta_RJ\" width=\"300\" height=\"203\" srcset=\"https:\/\/iconartesgaleria.com.br\/estudiofineart\/wp-content\/uploads\/2026\/01\/Mirante_dona_Marta_RJ-300x203.jpg 300w, https:\/\/iconartesgaleria.com.br\/estudiofineart\/wp-content\/uploads\/2026\/01\/Mirante_dona_Marta_RJ-768x520.jpg 768w, https:\/\/iconartesgaleria.com.br\/estudiofineart\/wp-content\/uploads\/2026\/01\/Mirante_dona_Marta_RJ-1536x1040.jpg 1536w, https:\/\/iconartesgaleria.com.br\/estudiofineart\/wp-content\/uploads\/2026\/01\/Mirante_dona_Marta_RJ.jpg 1854w\" sizes=\"(max-width: 300px) 100vw, 300px\" \/><\/a> <a href=\"https:\/\/iconartesgaleria.com.br\/estudiofineart\/severino-silva-12\/\"><img loading=\"lazy\" class=\"alignnone wp-image-1132 size-medium\" title=\"Mureta-do-Leme_RJ\" src=\"https:\/\/iconartesgaleria.com.br\/estudiofineart\/wp-content\/uploads\/2026\/01\/Mureta-do-Leme_RJ-300x203.jpg\" alt=\"Mureta-do-Leme_RJ\" width=\"300\" height=\"203\" srcset=\"https:\/\/iconartesgaleria.com.br\/estudiofineart\/wp-content\/uploads\/2026\/01\/Mureta-do-Leme_RJ-300x203.jpg 300w, https:\/\/iconartesgaleria.com.br\/estudiofineart\/wp-content\/uploads\/2026\/01\/Mureta-do-Leme_RJ-768x520.jpg 768w, https:\/\/iconartesgaleria.com.br\/estudiofineart\/wp-content\/uploads\/2026\/01\/Mureta-do-Leme_RJ-1536x1040.jpg 1536w, https:\/\/iconartesgaleria.com.br\/estudiofineart\/wp-content\/uploads\/2026\/01\/Mureta-do-Leme_RJ.jpg 1854w\" sizes=\"(max-width: 300px) 100vw, 300px\" \/><\/a> <a href=\"https:\/\/iconartesgaleria.com.br\/estudiofineart\/severino-silva-13\/\"><img loading=\"lazy\" class=\"alignnone wp-image-1131 size-medium\" title=\"P\u00e3o de A\u00e7\u00facar | Cristo Redentor_RJ\" src=\"https:\/\/iconartesgaleria.com.br\/estudiofineart\/wp-content\/uploads\/2026\/01\/PaodeAcucar_CristoRedentor_RJ-300x203.jpg\" alt=\"P\u00e3o de A\u00e7\u00facar | Cristo Redentor_RJ\" width=\"300\" height=\"203\" srcset=\"https:\/\/iconartesgaleria.com.br\/estudiofineart\/wp-content\/uploads\/2026\/01\/PaodeAcucar_CristoRedentor_RJ-300x203.jpg 300w, https:\/\/iconartesgaleria.com.br\/estudiofineart\/wp-content\/uploads\/2026\/01\/PaodeAcucar_CristoRedentor_RJ-768x520.jpg 768w, https:\/\/iconartesgaleria.com.br\/estudiofineart\/wp-content\/uploads\/2026\/01\/PaodeAcucar_CristoRedentor_RJ-1536x1040.jpg 1536w, https:\/\/iconartesgaleria.com.br\/estudiofineart\/wp-content\/uploads\/2026\/01\/PaodeAcucar_CristoRedentor_RJ.jpg 1854w\" sizes=\"(max-width: 300px) 100vw, 300px\" \/><\/a> <a href=\"https:\/\/iconartesgaleria.com.br\/estudiofineart\/severino-silva-14\/\"><img loading=\"lazy\" class=\"alignnone wp-image-1130 size-medium\" title=\"P\u00e3o de A\u00e7\u00facar_RJ\" src=\"https:\/\/iconartesgaleria.com.br\/estudiofineart\/wp-content\/uploads\/2026\/01\/PaodeAcucar_RJ-300x203.jpg\" alt=\"P\u00e3o de A\u00e7\u00facar_RJ\" width=\"300\" height=\"203\" srcset=\"https:\/\/iconartesgaleria.com.br\/estudiofineart\/wp-content\/uploads\/2026\/01\/PaodeAcucar_RJ-300x203.jpg 300w, https:\/\/iconartesgaleria.com.br\/estudiofineart\/wp-content\/uploads\/2026\/01\/PaodeAcucar_RJ-768x520.jpg 768w, https:\/\/iconartesgaleria.com.br\/estudiofineart\/wp-content\/uploads\/2026\/01\/PaodeAcucar_RJ-1536x1040.jpg 1536w, https:\/\/iconartesgaleria.com.br\/estudiofineart\/wp-content\/uploads\/2026\/01\/PaodeAcucar_RJ.jpg 1854w\" sizes=\"(max-width: 300px) 100vw, 300px\" \/><\/a> <a href=\"https:\/\/iconartesgaleria.com.br\/estudiofineart\/severino-silva-15\/\"><img loading=\"lazy\" class=\"alignnone wp-image-1129 size-medium\" title=\"Pega-de-Boi-do-Mato-Serrita_PE\" src=\"https:\/\/iconartesgaleria.com.br\/estudiofineart\/wp-content\/uploads\/2026\/01\/Pega-de-Boi-do-Mato-Serrita_PE--300x203.jpg\" alt=\"Pega-de-Boi-do-Mato-Serrita_PE\" width=\"300\" height=\"203\" srcset=\"https:\/\/iconartesgaleria.com.br\/estudiofineart\/wp-content\/uploads\/2026\/01\/Pega-de-Boi-do-Mato-Serrita_PE--300x203.jpg 300w, https:\/\/iconartesgaleria.com.br\/estudiofineart\/wp-content\/uploads\/2026\/01\/Pega-de-Boi-do-Mato-Serrita_PE--768x520.jpg 768w, https:\/\/iconartesgaleria.com.br\/estudiofineart\/wp-content\/uploads\/2026\/01\/Pega-de-Boi-do-Mato-Serrita_PE--1536x1040.jpg 1536w, https:\/\/iconartesgaleria.com.br\/estudiofineart\/wp-content\/uploads\/2026\/01\/Pega-de-Boi-do-Mato-Serrita_PE-.jpg 1854w\" sizes=\"(max-width: 300px) 100vw, 300px\" \/><\/a> <a href=\"https:\/\/iconartesgaleria.com.br\/estudiofineart\/severino-silva-16\/\"><img loading=\"lazy\" class=\"alignnone wp-image-1128 size-medium\" title=\"Pega de Boi do Mato Serrita_PE_02\" src=\"https:\/\/iconartesgaleria.com.br\/estudiofineart\/wp-content\/uploads\/2026\/01\/PEGA-DE-BOI-NO-MATO-MISSA-DO-VAQUEIRO-EM-SERRITA-PE-3-300x203.jpg\" alt=\"Pega de Boi do Mato Serrita_PE_02\" width=\"300\" height=\"203\" srcset=\"https:\/\/iconartesgaleria.com.br\/estudiofineart\/wp-content\/uploads\/2026\/01\/PEGA-DE-BOI-NO-MATO-MISSA-DO-VAQUEIRO-EM-SERRITA-PE-3-300x203.jpg 300w, https:\/\/iconartesgaleria.com.br\/estudiofineart\/wp-content\/uploads\/2026\/01\/PEGA-DE-BOI-NO-MATO-MISSA-DO-VAQUEIRO-EM-SERRITA-PE-3-768x520.jpg 768w, https:\/\/iconartesgaleria.com.br\/estudiofineart\/wp-content\/uploads\/2026\/01\/PEGA-DE-BOI-NO-MATO-MISSA-DO-VAQUEIRO-EM-SERRITA-PE-3-1536x1040.jpg 1536w, https:\/\/iconartesgaleria.com.br\/estudiofineart\/wp-content\/uploads\/2026\/01\/PEGA-DE-BOI-NO-MATO-MISSA-DO-VAQUEIRO-EM-SERRITA-PE-3.jpg 1854w\" sizes=\"(max-width: 300px) 100vw, 300px\" \/><\/a> <a href=\"https:\/\/iconartesgaleria.com.br\/estudiofineart\/severino-silva-16-2\/\"><img loading=\"lazy\" class=\"alignnone wp-image-1127 size-medium\" title=\"Pescador_Lagoa-de-Saquarema_RJ\" src=\"https:\/\/iconartesgaleria.com.br\/estudiofineart\/wp-content\/uploads\/2026\/01\/Pescador_Lagoa-de-Saquarema_RJ-300x203.jpg\" alt=\"Pescador_Lagoa-de-Saquarema_RJ\" width=\"300\" height=\"203\" srcset=\"https:\/\/iconartesgaleria.com.br\/estudiofineart\/wp-content\/uploads\/2026\/01\/Pescador_Lagoa-de-Saquarema_RJ-300x203.jpg 300w, https:\/\/iconartesgaleria.com.br\/estudiofineart\/wp-content\/uploads\/2026\/01\/Pescador_Lagoa-de-Saquarema_RJ-768x520.jpg 768w, https:\/\/iconartesgaleria.com.br\/estudiofineart\/wp-content\/uploads\/2026\/01\/Pescador_Lagoa-de-Saquarema_RJ-1536x1040.jpg 1536w, https:\/\/iconartesgaleria.com.br\/estudiofineart\/wp-content\/uploads\/2026\/01\/Pescador_Lagoa-de-Saquarema_RJ.jpg 1854w\" sizes=\"(max-width: 300px) 100vw, 300px\" \/><\/a> <a href=\"https:\/\/iconartesgaleria.com.br\/estudiofineart\/severino-silva-18\/\"><img loading=\"lazy\" class=\"alignnone wp-image-1126 size-medium\" title=\"Praia de Botafogo_RJ\" src=\"https:\/\/iconartesgaleria.com.br\/estudiofineart\/wp-content\/uploads\/2026\/01\/PraiadeBotafogo_RJ-300x203.jpg\" alt=\"Praia de Botafogo_RJ\" width=\"300\" height=\"203\" srcset=\"https:\/\/iconartesgaleria.com.br\/estudiofineart\/wp-content\/uploads\/2026\/01\/PraiadeBotafogo_RJ-300x203.jpg 300w, https:\/\/iconartesgaleria.com.br\/estudiofineart\/wp-content\/uploads\/2026\/01\/PraiadeBotafogo_RJ-768x520.jpg 768w, https:\/\/iconartesgaleria.com.br\/estudiofineart\/wp-content\/uploads\/2026\/01\/PraiadeBotafogo_RJ-1536x1040.jpg 1536w, https:\/\/iconartesgaleria.com.br\/estudiofineart\/wp-content\/uploads\/2026\/01\/PraiadeBotafogo_RJ.jpg 1854w\" sizes=\"(max-width: 300px) 100vw, 300px\" \/><\/a> <a href=\"https:\/\/iconartesgaleria.com.br\/estudiofineart\/severino-silva-19\/\"><img loading=\"lazy\" class=\"alignnone wp-image-1125 size-medium\" title=\"Prociss\u00e3o-do-Madeiro_SE\" src=\"https:\/\/iconartesgaleria.com.br\/estudiofineart\/wp-content\/uploads\/2026\/01\/Procissao-do-Madeiro_SE-300x203.jpg\" alt=\"Prociss\u00e3o-do-Madeiro_SE\" width=\"300\" height=\"203\" srcset=\"https:\/\/iconartesgaleria.com.br\/estudiofineart\/wp-content\/uploads\/2026\/01\/Procissao-do-Madeiro_SE-300x203.jpg 300w, https:\/\/iconartesgaleria.com.br\/estudiofineart\/wp-content\/uploads\/2026\/01\/Procissao-do-Madeiro_SE-768x520.jpg 768w, https:\/\/iconartesgaleria.com.br\/estudiofineart\/wp-content\/uploads\/2026\/01\/Procissao-do-Madeiro_SE-1536x1040.jpg 1536w, https:\/\/iconartesgaleria.com.br\/estudiofineart\/wp-content\/uploads\/2026\/01\/Procissao-do-Madeiro_SE.jpg 1854w\" sizes=\"(max-width: 300px) 100vw, 300px\" \/><\/a> <a href=\"https:\/\/iconartesgaleria.com.br\/estudiofineart\/severino-silva-20\/\"><img loading=\"lazy\" class=\"alignnone wp-image-1124 size-medium\" title=\"Reveillon_Copacabana_RJ\" src=\"https:\/\/iconartesgaleria.com.br\/estudiofineart\/wp-content\/uploads\/2026\/01\/Revellion_Copacabana_RJ-300x203.jpg\" alt=\"Reveillon_Copacabana_RJ\" width=\"300\" height=\"203\" srcset=\"https:\/\/iconartesgaleria.com.br\/estudiofineart\/wp-content\/uploads\/2026\/01\/Revellion_Copacabana_RJ-300x203.jpg 300w, https:\/\/iconartesgaleria.com.br\/estudiofineart\/wp-content\/uploads\/2026\/01\/Revellion_Copacabana_RJ-768x520.jpg 768w, https:\/\/iconartesgaleria.com.br\/estudiofineart\/wp-content\/uploads\/2026\/01\/Revellion_Copacabana_RJ-1536x1040.jpg 1536w, https:\/\/iconartesgaleria.com.br\/estudiofineart\/wp-content\/uploads\/2026\/01\/Revellion_Copacabana_RJ.jpg 1854w\" sizes=\"(max-width: 300px) 100vw, 300px\" \/><\/a> <a href=\"https:\/\/iconartesgaleria.com.br\/estudiofineart\/severino-silva-21\/\"><img loading=\"lazy\" class=\"alignnone wp-image-1123 size-medium\" title=\"Reveillon_Copacabana_RJ_02\" src=\"https:\/\/iconartesgaleria.com.br\/estudiofineart\/wp-content\/uploads\/2026\/01\/Revellion_Copacabana_RJ2-300x203.jpg\" alt=\"Reveillon_Copacabana_RJ_02\" width=\"300\" height=\"203\" srcset=\"https:\/\/iconartesgaleria.com.br\/estudiofineart\/wp-content\/uploads\/2026\/01\/Revellion_Copacabana_RJ2-300x203.jpg 300w, https:\/\/iconartesgaleria.com.br\/estudiofineart\/wp-content\/uploads\/2026\/01\/Revellion_Copacabana_RJ2-768x520.jpg 768w, https:\/\/iconartesgaleria.com.br\/estudiofineart\/wp-content\/uploads\/2026\/01\/Revellion_Copacabana_RJ2-1536x1040.jpg 1536w, https:\/\/iconartesgaleria.com.br\/estudiofineart\/wp-content\/uploads\/2026\/01\/Revellion_Copacabana_RJ2.jpg 1854w\" sizes=\"(max-width: 300px) 100vw, 300px\" \/><\/a> <a href=\"https:\/\/iconartesgaleria.com.br\/estudiofineart\/severino-silva-22\/\"><img loading=\"lazy\" class=\"alignnone wp-image-1122 size-medium\" title=\"Sertao_Bom-Jesus-da-Lapa_BA\" src=\"https:\/\/iconartesgaleria.com.br\/estudiofineart\/wp-content\/uploads\/2026\/01\/Sertao_Bom-Jesus-da-Lapa_BA-300x203.jpg\" alt=\"Sertao_Bom-Jesus-da-Lapa_BA\" width=\"300\" height=\"203\" srcset=\"https:\/\/iconartesgaleria.com.br\/estudiofineart\/wp-content\/uploads\/2026\/01\/Sertao_Bom-Jesus-da-Lapa_BA-300x203.jpg 300w, https:\/\/iconartesgaleria.com.br\/estudiofineart\/wp-content\/uploads\/2026\/01\/Sertao_Bom-Jesus-da-Lapa_BA-768x520.jpg 768w, https:\/\/iconartesgaleria.com.br\/estudiofineart\/wp-content\/uploads\/2026\/01\/Sertao_Bom-Jesus-da-Lapa_BA-1536x1040.jpg 1536w, https:\/\/iconartesgaleria.com.br\/estudiofineart\/wp-content\/uploads\/2026\/01\/Sertao_Bom-Jesus-da-Lapa_BA.jpg 1854w\" sizes=\"(max-width: 300px) 100vw, 300px\" \/><\/a> <a href=\"https:\/\/iconartesgaleria.com.br\/estudiofineart\/severino-silva-23\/\"><img loading=\"lazy\" class=\"alignnone wp-image-1121 size-medium\" title=\"Sert\u00e3o_Missa-do-Vaqueiro_PE\" src=\"https:\/\/iconartesgaleria.com.br\/estudiofineart\/wp-content\/uploads\/2026\/01\/Sertao_Missa-do-Vaqueiro_PE-300x203.jpg\" alt=\"Sert\u00e3o_Missa-do-Vaqueiro_PE\" width=\"300\" height=\"203\" srcset=\"https:\/\/iconartesgaleria.com.br\/estudiofineart\/wp-content\/uploads\/2026\/01\/Sertao_Missa-do-Vaqueiro_PE-300x203.jpg 300w, https:\/\/iconartesgaleria.com.br\/estudiofineart\/wp-content\/uploads\/2026\/01\/Sertao_Missa-do-Vaqueiro_PE-768x520.jpg 768w, https:\/\/iconartesgaleria.com.br\/estudiofineart\/wp-content\/uploads\/2026\/01\/Sertao_Missa-do-Vaqueiro_PE-1536x1040.jpg 1536w, https:\/\/iconartesgaleria.com.br\/estudiofineart\/wp-content\/uploads\/2026\/01\/Sertao_Missa-do-Vaqueiro_PE.jpg 1854w\" sizes=\"(max-width: 300px) 100vw, 300px\" \/><\/a> <a href=\"https:\/\/iconartesgaleria.com.br\/estudiofineart\/severino-silva-24\/\"><img loading=\"lazy\" class=\"alignnone wp-image-1120 size-medium\" title=\"Sert\u00e3o_Missa-do-Vaqueiro_PE_02\" src=\"https:\/\/iconartesgaleria.com.br\/estudiofineart\/wp-content\/uploads\/2026\/01\/Sertao_Missa-do-Vaqueiro_PE_2-300x203.jpg\" alt=\"Sert\u00e3o_Missa-do-Vaqueiro_PE_02\" width=\"300\" height=\"203\" srcset=\"https:\/\/iconartesgaleria.com.br\/estudiofineart\/wp-content\/uploads\/2026\/01\/Sertao_Missa-do-Vaqueiro_PE_2-300x203.jpg 300w, https:\/\/iconartesgaleria.com.br\/estudiofineart\/wp-content\/uploads\/2026\/01\/Sertao_Missa-do-Vaqueiro_PE_2-768x520.jpg 768w, https:\/\/iconartesgaleria.com.br\/estudiofineart\/wp-content\/uploads\/2026\/01\/Sertao_Missa-do-Vaqueiro_PE_2-1536x1040.jpg 1536w, https:\/\/iconartesgaleria.com.br\/estudiofineart\/wp-content\/uploads\/2026\/01\/Sertao_Missa-do-Vaqueiro_PE_2.jpg 1854w\" sizes=\"(max-width: 300px) 100vw, 300px\" \/><\/a><\/p>\n","protected":false},"excerpt":{"rendered":"<p>\u00a0[Voltar]<\/p>\n","protected":false},"author":1,"featured_media":1496,"parent":0,"menu_order":67,"comment_status":"closed","ping_status":"closed","template":"","meta":[],"acf":[],"_links":{"self":[{"href":"https:\/\/iconartesgaleria.com.br\/estudiofineart\/wp-json\/wp\/v2\/pages\/1027"}],"collection":[{"href":"https:\/\/iconartesgaleria.com.br\/estudiofineart\/wp-json\/wp\/v2\/pages"}],"about":[{"href":"https:\/\/iconartesgaleria.com.br\/estudiofineart\/wp-json\/wp\/v2\/types\/page"}],"author":[{"embeddable":true,"href":"https:\/\/iconartesgaleria.com.br\/estudiofineart\/wp-json\/wp\/v2\/users\/1"}],"replies":[{"embeddable":true,"href":"https:\/\/iconartesgaleria.com.br\/estudiofineart\/wp-json\/wp\/v2\/comments?post=1027"}],"version-history":[{"count":80,"href":"https:\/\/iconartesgaleria.com.br\/estudiofineart\/wp-json\/wp\/v2\/pages\/1027\/revisions"}],"predecessor-version":[{"id":2157,"href":"https:\/\/iconartesgaleria.com.br\/estudiofineart\/wp-json\/wp\/v2\/pages\/1027\/revisions\/2157"}],"wp:featuredmedia":[{"embeddable":true,"href":"https:\/\/iconartesgaleria.com.br\/estudiofineart\/wp-json\/wp\/v2\/media\/1496"}],"wp:attachment":[{"href":"https:\/\/iconartesgaleria.com.br\/estudiofineart\/wp-json\/wp\/v2\/media?parent=1027"}],"curies":[{"name":"wp","href":"https:\/\/api.w.org\/{rel}","templated":true}]}}